{"id":269,"date":"2022-08-08T20:09:07","date_gmt":"2022-08-08T20:09:07","guid":{"rendered":"https:\/\/sicm.dc.uel.br\/?page_id=269"},"modified":"2026-03-31T16:03:33","modified_gmt":"2026-03-31T16:03:33","slug":"editais","status":"publish","type":"page","link":"https:\/\/ciaagro.uel.br\/?page_id=269","title":{"rendered":"Editais"},"content":{"rendered":"\t\t<div data-elementor-type=\"wp-page\" data-elementor-id=\"269\" class=\"elementor elementor-269\">\n\t\t\t\t\t\t\t\t\t<section class=\"elementor-section elementor-top-section elementor-element elementor-element-c98cd27 elementor-section-boxed elementor-section-height-default elementor-section-height-default\" data-id=\"c98cd27\" data-element_type=\"section\">\n\t\t\t\t\t\t<div class=\"elementor-container elementor-column-gap-default\">\n\t\t\t\t\t<div class=\"elementor-column elementor-col-100 elementor-top-column elementor-element elementor-element-b51b94c\" data-id=\"b51b94c\" data-element_type=\"column\">\n\t\t\t<div class=\"elementor-widget-wrap elementor-element-populated\">\n\t\t\t\t\t\t\t\t<div class=\"elementor-element elementor-element-2e08dc5 elementor-widget elementor-widget-heading\" data-id=\"2e08dc5\" data-element_type=\"widget\" data-widget_type=\"heading.default\">\n\t\t\t\t<div class=\"elementor-widget-container\">\n\t\t\t<style>\/*! elementor - v3.6.6 - 08-06-2022 *\/\n.elementor-heading-title{padding:0;margin:0;line-height:1}.elementor-widget-heading .elementor-heading-title[class*=elementor-size-]>a{color:inherit;font-size:inherit;line-height:inherit}.elementor-widget-heading .elementor-heading-title.elementor-size-small{font-size:15px}.elementor-widget-heading .elementor-heading-title.elementor-size-medium{font-size:19px}.elementor-widget-heading .elementor-heading-title.elementor-size-large{font-size:29px}.elementor-widget-heading .elementor-heading-title.elementor-size-xl{font-size:39px}.elementor-widget-heading .elementor-heading-title.elementor-size-xxl{font-size:59px}<\/style><h1 class=\"elementor-heading-title elementor-size-default\">Editais<\/h1>\t\t<\/div>\n\t\t\t\t<\/div>\n\t\t\t\t\t<\/div>\n\t\t<\/div>\n\t\t\t\t\t\t\t<\/div>\n\t\t<\/section>\n\t\t\t\t<section class=\"elementor-section elementor-top-section elementor-element elementor-element-ee86e1f elementor-section-boxed elementor-section-height-default elementor-section-height-default\" data-id=\"ee86e1f\" data-element_type=\"section\">\n\t\t\t\t\t\t<div class=\"elementor-container elementor-column-gap-default\">\n\t\t\t\t\t<div class=\"elementor-column elementor-col-100 elementor-top-column elementor-element elementor-element-72fd02c\" data-id=\"72fd02c\" data-element_type=\"column\">\n\t\t\t<div class=\"elementor-widget-wrap elementor-element-populated\">\n\t\t\t\t\t\t\t\t<div class=\"elementor-element elementor-element-87068a1 elementor-widget elementor-widget-text-editor\" data-id=\"87068a1\" data-element_type=\"widget\" data-widget_type=\"text-editor.default\">\n\t\t\t\t<div class=\"elementor-widget-container\">\n\t\t\t<style>\/*! elementor - v3.6.6 - 08-06-2022 *\/\n.elementor-widget-text-editor.elementor-drop-cap-view-stacked .elementor-drop-cap{background-color:#818a91;color:#fff}.elementor-widget-text-editor.elementor-drop-cap-view-framed .elementor-drop-cap{color:#818a91;border:3px solid;background-color:transparent}.elementor-widget-text-editor:not(.elementor-drop-cap-view-default) .elementor-drop-cap{margin-top:8px}.elementor-widget-text-editor:not(.elementor-drop-cap-view-default) .elementor-drop-cap-letter{width:1em;height:1em}.elementor-widget-text-editor .elementor-drop-cap{float:left;text-align:center;line-height:1;font-size:50px}.elementor-widget-text-editor .elementor-drop-cap-letter{display:inline-block}<\/style>\t\t\t\t<p><span dir=\"auto\" style=\"vertical-align: inherit;\"><span dir=\"auto\" style=\"vertical-align: inherit;\"><span dir=\"auto\" style=\"vertical-align: inherit;\"><span dir=\"auto\" style=\"vertical-align: inherit;\">Esta p\u00e1gina lista os editais de bolsas referentes \u00e0 CIA-Agro e resultados publicados.<\/span><\/span><\/span><\/span><\/p><p><span dir=\"auto\" style=\"vertical-align: inherit;\"><span dir=\"auto\" style=\"vertical-align: inherit;\"><span dir=\"auto\" style=\"vertical-align: inherit;\"><span dir=\"auto\" style=\"vertical-align: inherit;\">Edi\u00e7\u00f5es de sele\u00e7\u00e3o:<\/span><\/span><\/span><\/span><\/p><ul><li><span dir=\"auto\"><span dir=\"auto\"><span dir=\"auto\"><span dir=\"auto\">Bolsas P\u00f3s Doutorado: <a href=\"http:\/\/ciaagro.uel.br\/wp-content\/uploads\/2026\/02\/Edital-de-Selecao-010-2025-bolsas-CIAAgro-PD.docx.pdf\">Edital 010\/2025 do Centro de Intelig\u00eancia Artificial no Agro (CIA-Agro)<\/a><\/span><\/span><\/span><\/span><\/li><li><span dir=\"auto\" style=\"vertical-align: inherit;\"><span dir=\"auto\" style=\"vertical-align: inherit;\"><span dir=\"auto\" style=\"vertical-align: inherit;\"><span dir=\"auto\" style=\"vertical-align: inherit;\">Bolsas T\u00e9cnicas: <\/span><\/span><\/span><\/span><a href=\"\/wp-content\/uploads\/2024\/03\/Edital-bolsas-CIAAgro-BT.pdf\"><span dir=\"auto\" style=\"vertical-align: inherit;\"><span dir=\"auto\" style=\"vertical-align: inherit;\"><span dir=\"auto\" style=\"vertical-align: inherit;\"><span dir=\"auto\" style=\"vertical-align: inherit;\">Edital 001\/2024 do Centro de Intelig\u00eancia Artificial no Agro (CIA-Agro)<\/span><\/span><\/span><\/span><\/a><\/li><li><span dir=\"auto\" style=\"vertical-align: inherit;\"><span dir=\"auto\" style=\"vertical-align: inherit;\"><span dir=\"auto\" style=\"vertical-align: inherit;\"><span dir=\"auto\" style=\"vertical-align: inherit;\">Bolsas de Mestrado: <\/span><\/span><\/span><\/span><a href=\"http:\/\/www.uel.br\/pos\/redes\/index.php\/mcc\/editais\"><span dir=\"auto\" style=\"vertical-align: inherit;\"><span dir=\"auto\" style=\"vertical-align: inherit;\"><span dir=\"auto\" style=\"vertical-align: inherit;\"><span dir=\"auto\" style=\"vertical-align: inherit;\">Edital N\u00ba 003\/2022 do Programa de P\u00f3s-gradua\u00e7\u00e3o em Ci\u00eancia da Computa\u00e7\u00e3o da UEL (PPCC\/UEL)<\/span><\/span><\/span><\/span><\/a><\/li><li><span dir=\"auto\" style=\"vertical-align: inherit;\"><span dir=\"auto\" style=\"vertical-align: inherit;\"><span dir=\"auto\" style=\"vertical-align: inherit;\"><span dir=\"auto\" style=\"vertical-align: inherit;\">Bolsas de Inicia\u00e7\u00e3o Cient\u00edfica: <\/span><\/span><\/span><\/span><a href=\"\/wp-content\/uploads\/2022\/08\/Edital-bolsas-CIAAgro-IC.pdf\"><span dir=\"auto\" style=\"vertical-align: inherit;\"><span dir=\"auto\" style=\"vertical-align: inherit;\"><span dir=\"auto\" style=\"vertical-align: inherit;\"><span dir=\"auto\" style=\"vertical-align: inherit;\">Edital N\u00ba 001\/2022 do Centro de Intelig\u00eancia Artificial no Agro (CIA-Agro)<\/span><\/span><\/span><\/span><\/a><\/li><\/ul><p><span dir=\"auto\" style=\"vertical-align: inherit;\"><span dir=\"auto\" style=\"vertical-align: inherit;\"><span dir=\"auto\" style=\"vertical-align: inherit;\"><span dir=\"auto\" style=\"vertical-align: inherit;\">Editais de resultado:<\/span><\/span><\/span><\/span><\/p><ul><li><span dir=\"auto\"><span dir=\"auto\"><span dir=\"auto\"><span dir=\"auto\">Bolsas T\u00e9cnicas: <a href=\"http:\/\/ciaagro.uel.br\/wp-content\/uploads\/2026\/03\/Edital-CIAAgro-018-2026-resultado-bolsas-tecnico.pdf\">Edital N\u00b0 018\/2026 do Centro de Intelig\u00eancia Artificial no Agro (CIA-Agro)<\/a><\/span><\/span><\/span><\/span><\/li><li><span dir=\"auto\"><span dir=\"auto\"><span dir=\"auto\"><span dir=\"auto\">Bolsas P\u00f3s Doutorado: <a href=\"http:\/\/ciaagro.uel.br\/wp-content\/uploads\/2026\/02\/Edital-CIAAgro-017-2026-resultado-PD.docx.pdf\">Edital N\u00b0 017\/2026 do Centro de Intelig\u00eancia Artificial no Agro (CIA-Agro)<\/a><\/span><\/span><\/span><\/span><\/li><li><span dir=\"auto\"><span dir=\"auto\"><span dir=\"auto\"><span dir=\"auto\">Bolsas T\u00e9cnicas: <a href=\"http:\/\/ciaagro.uel.br\/wp-content\/uploads\/2026\/02\/Edital-CIAAgro-016-2026-resultado-bolsas-tecnico.docx.pdf\">Edital N\u00b0 016\/2026 do Centro de Intelig\u00eancia Artificial no Agro (CIA-Agro)<\/a><\/span><\/span><\/span><\/span><\/li><li><span dir=\"auto\"><span dir=\"auto\"><span dir=\"auto\"><span dir=\"auto\">Bolsas T\u00e9cnicas: <a href=\"http:\/\/ciaagro.uel.br\/wp-content\/uploads\/2025\/12\/Edital-CIAAgro-015-2025-resultado-bolsas-tecnico.pdf\">Edital N\u00b0 015\/2025 do Centro de Intelig\u00eancia Artificial no Agro (CIA-Agro)<\/a><\/span><\/span><\/span><\/span><\/li><li><span dir=\"auto\"><span dir=\"auto\"><span dir=\"auto\"><span dir=\"auto\">Bolsa P\u00f3s Doutorado J\u00fanior: <a href=\"http:\/\/ciaagro.uel.br\/wp-content\/uploads\/2025\/11\/Edital-CIAAgro-014-2025-resultado-PDJ.pdf\">Edital N\u00b0 014\/2025 do Centro de Intelig\u00eancia Artificial no Agro (CIA-Agro)<\/a><\/span><\/span><\/span><\/span><\/li><li><span dir=\"auto\"><span dir=\"auto\"><span dir=\"auto\"><span dir=\"auto\">Bolsas T\u00e9cnicas: <a href=\"http:\/\/ciaagro.uel.br\/wp-content\/uploads\/2025\/11\/Edital-CIAAgro-013-2025-resultado-bolsas-tecnico.pdf\">Edital N\u00b0 013\/2025 do Centro de Intelig\u00eancia Artificial no Agro (CIA-Agro)<\/a><\/span><\/span><\/span><\/span><\/li><li><span dir=\"auto\"><span dir=\"auto\"><span dir=\"auto\"><span dir=\"auto\">Bolsa P\u00f3s Doutorado J\u00fanior: <a href=\"http:\/\/ciaagro.uel.br\/wp-content\/uploads\/2025\/10\/Edital-CIAAgro-012-2025-resultado-PDJ.pdf\">Edital N\u00b0 012\/2025 do Centro de Intelig\u00eancia Artificial no Agro (CIA-Agro)<\/a><\/span><\/span><\/span><\/span><\/li><li><span dir=\"auto\"><span dir=\"auto\"><span dir=\"auto\"><span dir=\"auto\">Bolsas T\u00e9cnicas: <\/span><\/span><\/span><\/span><a href=\"http:\/\/ciaagro.uel.br\/wp-content\/uploads\/2025\/10\/Edital-CIAAgro-011-2025-resultado-bolsas-tecnico.pdf\"><span dir=\"auto\"><span dir=\"auto\"><span dir=\"auto\"><span dir=\"auto\">Edital N\u00b0 011\/2025 do\u00a0Centro de Intelig\u00eancia Artificial no Agro (CIA-Agro)<\/span><\/span><\/span><\/span><\/a><\/li><li><span dir=\"auto\" style=\"vertical-align: inherit;\"><span dir=\"auto\" style=\"vertical-align: inherit;\"><span dir=\"auto\" style=\"vertical-align: inherit;\"><span dir=\"auto\" style=\"vertical-align: inherit;\">Bolsas de Inicia\u00e7\u00e3o Cient\u00edfica: <\/span><\/span><\/span><\/span><a href=\"http:\/\/ciaagro.uel.br\/wp-content\/uploads\/2025\/09\/Edital-CIAAgro-009-2025-resultado-bolsas-IC.pdf\"><span dir=\"auto\" style=\"vertical-align: inherit;\"><span dir=\"auto\" style=\"vertical-align: inherit;\"><span dir=\"auto\" style=\"vertical-align: inherit;\"><span dir=\"auto\" style=\"vertical-align: inherit;\">Edital N\u00b0 009\/2025 do Centro de Intelig\u00eancia Artificial no Agro (CIA-Agro)<\/span><\/span><\/span><\/span><\/a><\/li><li><span dir=\"auto\" style=\"vertical-align: inherit;\"><span dir=\"auto\" style=\"vertical-align: inherit;\"><span dir=\"auto\" style=\"vertical-align: inherit;\"><span dir=\"auto\" style=\"vertical-align: inherit;\">Bolsas de Inicia\u00e7\u00e3o Cient\u00edfica: <\/span><\/span><\/span><\/span><a href=\"http:\/\/ciaagro.uel.br\/wp-content\/uploads\/2025\/09\/Edital-CIAAgro-008-2025-resultado-bolsas-IC-1.pdf\"><span dir=\"auto\" style=\"vertical-align: inherit;\"><span dir=\"auto\" style=\"vertical-align: inherit;\"><span dir=\"auto\" style=\"vertical-align: inherit;\"><span dir=\"auto\" style=\"vertical-align: inherit;\">Edital N\u00b0 008\/2025 do Centro de Intelig\u00eancia Artificial no Agro (CIA-Agro)<\/span><\/span><\/span><\/span><\/a><\/li><li><span dir=\"auto\" style=\"vertical-align: inherit;\"><span dir=\"auto\" style=\"vertical-align: inherit;\"><span dir=\"auto\" style=\"vertical-align: inherit;\"><span dir=\"auto\" style=\"vertical-align: inherit;\">Bolsas T\u00e9cnicas: <\/span><\/span><\/span><\/span><a href=\"http:\/\/ciaagro.uel.br\/wp-content\/uploads\/2025\/08\/Edital-CIAAgro-007-2025-resultado-bolsas-tecnico.pdf\"><span dir=\"auto\" style=\"vertical-align: inherit;\"><span dir=\"auto\" style=\"vertical-align: inherit;\"><span dir=\"auto\" style=\"vertical-align: inherit;\"><span dir=\"auto\" style=\"vertical-align: inherit;\">Edital N\u00b0 007\/2025 do Centro de Intelig\u00eancia Artificial no Agro (CIA-Agro)<\/span><\/span><\/span><\/span><\/a><\/li><li><span dir=\"auto\" style=\"vertical-align: inherit;\"><span dir=\"auto\" style=\"vertical-align: inherit;\"><span dir=\"auto\" style=\"vertical-align: inherit;\"><span dir=\"auto\" style=\"vertical-align: inherit;\">Bolsas T\u00e9cnicas: <\/span><\/span><\/span><\/span><a href=\"http:\/\/ciaagro.uel.br\/wp-content\/uploads\/2025\/08\/Edital-CIAAgro-006-2025-resultado-bolsas-tecnico.pdf\"><span dir=\"auto\" style=\"vertical-align: inherit;\"><span dir=\"auto\" style=\"vertical-align: inherit;\"><span dir=\"auto\" style=\"vertical-align: inherit;\"><span dir=\"auto\" style=\"vertical-align: inherit;\">Edital N\u00b0 006\/2025 do Centro de Intelig\u00eancia Artificial no Agro (CIA-Agro)<\/span><\/span><\/span><\/span><\/a><\/li><li><span dir=\"auto\" style=\"vertical-align: inherit;\"><span dir=\"auto\" style=\"vertical-align: inherit;\"><span dir=\"auto\" style=\"vertical-align: inherit;\"><span dir=\"auto\" style=\"vertical-align: inherit;\">Bolsas T\u00e9cnicas: <\/span><\/span><\/span><\/span><a href=\"http:\/\/ciaagro.uel.br\/wp-content\/uploads\/2025\/04\/Edital-CIAAgro-005-2025-resultado-bolsas-tecnico.pdf\"><span dir=\"auto\" style=\"vertical-align: inherit;\"><span dir=\"auto\" style=\"vertical-align: inherit;\"><span dir=\"auto\" style=\"vertical-align: inherit;\"><span dir=\"auto\" style=\"vertical-align: inherit;\">Edital N\u00ba 005\/2025 do Centro de Intelig\u00eancia Artificial no Agro (CIA-Agro)<\/span><\/span><\/span><\/span><\/a><\/li><li><span dir=\"auto\" style=\"vertical-align: inherit;\"><span dir=\"auto\" style=\"vertical-align: inherit;\"><span dir=\"auto\" style=\"vertical-align: inherit;\"><span dir=\"auto\" style=\"vertical-align: inherit;\">Bolsas T\u00e9cnicas: <\/span><\/span><\/span><\/span><a href=\"http:\/\/ciaagro.uel.br\/wp-content\/uploads\/2025\/04\/Edital-CIAAgro-004-2025-resultado-bolsas-tecnico.pdf\"><span dir=\"auto\" style=\"vertical-align: inherit;\"><span dir=\"auto\" style=\"vertical-align: inherit;\"><span dir=\"auto\" style=\"vertical-align: inherit;\"><span dir=\"auto\" style=\"vertical-align: inherit;\">Edital N\u00ba 004\/2025 do Centro de Intelig\u00eancia Artificial no Agro (CIA-Agro)<\/span><\/span><\/span><\/span><\/a><\/li><li><span dir=\"auto\" style=\"vertical-align: inherit;\"><span dir=\"auto\" style=\"vertical-align: inherit;\"><span dir=\"auto\" style=\"vertical-align: inherit;\"><span dir=\"auto\" style=\"vertical-align: inherit;\">Bolsas de Inicia\u00e7\u00e3o Cient\u00edfica: <\/span><\/span><\/span><\/span><a href=\"http:\/\/ciaagro.uel.br\/wp-content\/uploads\/2025\/02\/Edital-CIAAgro-003-2025-resultado-bolsas-IC.pdf\"><span dir=\"auto\" style=\"vertical-align: inherit;\"><span dir=\"auto\" style=\"vertical-align: inherit;\"><span dir=\"auto\" style=\"vertical-align: inherit;\"><span dir=\"auto\" style=\"vertical-align: inherit;\">Edital N\u00ba 003\/2025 do Centro de Intelig\u00eancia Artificial no Agro (CIA-Agro)<\/span><\/span><\/span><\/span><\/a><\/li><li><span dir=\"auto\" style=\"vertical-align: inherit;\"><span dir=\"auto\" style=\"vertical-align: inherit;\"><span dir=\"auto\" style=\"vertical-align: inherit;\"><span dir=\"auto\" style=\"vertical-align: inherit;\">Bolsas T\u00e9cnicas: <\/span><\/span><\/span><\/span><a href=\"http:\/\/ciaagro.uel.br\/wp-content\/uploads\/2025\/01\/Edital-CIAAgro-002-2025-resultado-bolsas-tecnico.pdf\"><span dir=\"auto\" style=\"vertical-align: inherit;\"><span dir=\"auto\" style=\"vertical-align: inherit;\"><span dir=\"auto\" style=\"vertical-align: inherit;\"><span dir=\"auto\" style=\"vertical-align: inherit;\">Edital N\u00ba 002\/2025 do Centro de Intelig\u00eancia Artificial no Agro (CIA-Agro)<\/span><\/span><\/span><\/span><\/a><\/li><li><span dir=\"auto\" style=\"vertical-align: inherit;\"><span dir=\"auto\" style=\"vertical-align: inherit;\"><span dir=\"auto\" style=\"vertical-align: inherit;\"><span dir=\"auto\" style=\"vertical-align: inherit;\">Bolsas de Inicia\u00e7\u00e3o Cient\u00edfica: <\/span><\/span><\/span><\/span><a href=\"http:\/\/ciaagro.uel.br\/wp-content\/uploads\/2025\/01\/Edital-CIAAgro-001-2025-resultado-bolsas-IC.pdf\"><span dir=\"auto\" style=\"vertical-align: inherit;\"><span dir=\"auto\" style=\"vertical-align: inherit;\"><span dir=\"auto\" style=\"vertical-align: inherit;\"><span dir=\"auto\" style=\"vertical-align: inherit;\">Edital N\u00ba 001\/2025 do Centro de Intelig\u00eancia Artificial no Agro (CIA-Agro)<\/span><\/span><\/span><\/span><\/a><\/li><li><span dir=\"auto\" style=\"vertical-align: inherit;\"><span dir=\"auto\" style=\"vertical-align: inherit;\"><span dir=\"auto\" style=\"vertical-align: inherit;\"><span dir=\"auto\" style=\"vertical-align: inherit;\">Bolsas de Inicia\u00e7\u00e3o Cient\u00edfica: <\/span><\/span><\/span><\/span><a href=\"http:\/\/ciaagro.uel.br\/wp-content\/uploads\/2024\/11\/Edital-CIAAgro-004-2024-resultado-bolsas-IC.pdf\"><span dir=\"auto\" style=\"vertical-align: inherit;\"><span dir=\"auto\" style=\"vertical-align: inherit;\"><span dir=\"auto\" style=\"vertical-align: inherit;\"><span dir=\"auto\" style=\"vertical-align: inherit;\">Edital N\u00ba 004\/2024 do Centro de Intelig\u00eancia Artificial no Agro (CIA-Agro)<\/span><\/span><\/span><\/span><\/a><\/li><li><span dir=\"auto\" style=\"vertical-align: inherit;\"><span dir=\"auto\" style=\"vertical-align: inherit;\"><span dir=\"auto\" style=\"vertical-align: inherit;\"><span dir=\"auto\" style=\"vertical-align: inherit;\">Bolsas T\u00e9cnicas: <\/span><\/span><\/span><\/span><a href=\"\/wp-content\/uploads\/2024\/09\/Edital-CIAAgro-003-2024-resultado-bolsas-tecnico.pdf\"><span dir=\"auto\" style=\"vertical-align: inherit;\"><span dir=\"auto\" style=\"vertical-align: inherit;\"><span dir=\"auto\" style=\"vertical-align: inherit;\"><span dir=\"auto\" style=\"vertical-align: inherit;\">Edital N\u00ba 003\/2024 do Centro de Intelig\u00eancia Artificial no Agro (CIA-Agro)<\/span><\/span><\/span><\/span><\/a><\/li><li><span dir=\"auto\" style=\"vertical-align: inherit;\"><span dir=\"auto\" style=\"vertical-align: inherit;\"><span dir=\"auto\" style=\"vertical-align: inherit;\"><span dir=\"auto\" style=\"vertical-align: inherit;\">Bolsas T\u00e9cnicas: <\/span><\/span><\/span><\/span><a href=\"\/wp-content\/uploads\/2024\/03\/Edital-CIAAgro-002-2024-resultado-bolsas-tecnico.pdf\"><span dir=\"auto\" style=\"vertical-align: inherit;\"><span dir=\"auto\" style=\"vertical-align: inherit;\"><span dir=\"auto\" style=\"vertical-align: inherit;\"><span dir=\"auto\" style=\"vertical-align: inherit;\">Edital N\u00ba 002\/2024 do Centro de Intelig\u00eancia Artificial no Agro (CIA-Agro)<\/span><\/span><\/span><\/span><\/a><\/li><li><span dir=\"auto\" style=\"vertical-align: inherit;\"><span dir=\"auto\" style=\"vertical-align: inherit;\"><span dir=\"auto\" style=\"vertical-align: inherit;\"><span dir=\"auto\" style=\"vertical-align: inherit;\">Bolsas de Inicia\u00e7\u00e3o Cient\u00edfica: <\/span><\/span><\/span><\/span><a href=\"https:\/\/ciaagro.uel.br\/wp-content\/uploads\/2023\/09\/Edital-CIAAgro-004-resultado-bolsas-IC.pdf\"><span dir=\"auto\" style=\"vertical-align: inherit;\"><span dir=\"auto\" style=\"vertical-align: inherit;\"><span dir=\"auto\" style=\"vertical-align: inherit;\"><span dir=\"auto\" style=\"vertical-align: inherit;\">Edital N\u00ba 004\/2022 do Centro de Intelig\u00eancia Artificial no Agro (CIA-Agro)<\/span><\/span><\/span><\/span><\/a><\/li><li><span dir=\"auto\" style=\"vertical-align: inherit;\"><span dir=\"auto\" style=\"vertical-align: inherit;\"><span dir=\"auto\" style=\"vertical-align: inherit;\"><span dir=\"auto\" style=\"vertical-align: inherit;\">Bolsas de Inicia\u00e7\u00e3o Cient\u00edfica: <\/span><\/span><\/span><\/span><a href=\"https:\/\/ciaagro.uel.br\/wp-content\/uploads\/2022\/11\/Edital-CIAAgro-003-resultado-bolsas-IC.pdf\"><span dir=\"auto\" style=\"vertical-align: inherit;\"><span dir=\"auto\" style=\"vertical-align: inherit;\"><span dir=\"auto\" style=\"vertical-align: inherit;\"><span dir=\"auto\" style=\"vertical-align: inherit;\">Edital N\u00ba 003\/2022 do Centro de Intelig\u00eancia Artificial no Agro (CIA-Agro)<\/span><\/span><\/span><\/span><\/a><\/li><li><span dir=\"auto\" style=\"vertical-align: inherit;\"><span dir=\"auto\" style=\"vertical-align: inherit;\"><span dir=\"auto\" style=\"vertical-align: inherit;\"><span dir=\"auto\" style=\"vertical-align: inherit;\">Bolsas de Inicia\u00e7\u00e3o Cient\u00edfica: <\/span><\/span><\/span><\/span><a href=\"https:\/\/ciaagro.uel.br\/wp-content\/uploads\/2022\/09\/Edital-CIAAgro-002-resultado-bolsas-IC.pdf\"><span dir=\"auto\" style=\"vertical-align: inherit;\"><span dir=\"auto\" style=\"vertical-align: inherit;\"><span dir=\"auto\" style=\"vertical-align: inherit;\"><span dir=\"auto\" style=\"vertical-align: inherit;\">Edital N\u00ba 002\/2022 do Centro de Intelig\u00eancia Artificial no Agro (CIA-Agro)\u00a0<\/span><\/span><\/span><\/span><\/a><\/li><li><span dir=\"auto\" style=\"vertical-align: inherit;\"><span dir=\"auto\" style=\"vertical-align: inherit;\"><span dir=\"auto\" style=\"vertical-align: inherit;\"><span dir=\"auto\" style=\"vertical-align: inherit;\">Bolsas de Mestrado: <\/span><\/span><\/span><\/span><a href=\"http:\/\/www.uel.br\/pos\/redes\/index.php\/mcc\/editais\"><span dir=\"auto\" style=\"vertical-align: inherit;\"><span dir=\"auto\" style=\"vertical-align: inherit;\"><span dir=\"auto\" style=\"vertical-align: inherit;\"><span dir=\"auto\" style=\"vertical-align: inherit;\">Edital N\u00ba 006\/2022 do Programa de P\u00f3s-gradua\u00e7\u00e3o em Ci\u00eancia da Computa\u00e7\u00e3o da UEL (PPCC\/UEL)<\/span><\/span><\/span><\/span><\/a><\/li><\/ul>\t\t\t\t\t\t<\/div>\n\t\t\t\t<\/div>\n\t\t\t\t\t<\/div>\n\t\t<\/div>\n\t\t\t\t\t\t\t<\/div>\n\t\t<\/section>\n\t\t\t\t\t\t\t<\/div>\n\t\t","protected":false},"excerpt":{"rendered":"<p>Editais Esta p\u00e1gina lista os editais de bolsas referentes \u00e0 CIA-Agro e resultados publicados. Edi\u00e7\u00f5es de sele\u00e7\u00e3o: Bolsas P\u00f3s Doutorado: Edital 010\/2025 do Centro de Intelig\u00eancia Artificial no Agro (CIA-Agro) Bolsas T\u00e9cnicas: Edital 001\/2024 do Centro de Intelig\u00eancia Artificial no Agro (CIA-Agro) Bolsas de Mestrado: Edital N\u00ba 003\/2022 do Programa de P\u00f3s-gradua\u00e7\u00e3o em Ci\u00eancia da &hellip;<\/p>\n<p class=\"read-more\"> <a class=\"\" href=\"https:\/\/ciaagro.uel.br\/?page_id=269\"> <span class=\"screen-reader-text\">Editais<\/span> Leia mais &raquo;<\/a><\/p>\n","protected":false},"author":1,"featured_media":0,"parent":0,"menu_order":0,"comment_status":"closed","ping_status":"closed","template":"","meta":{"site-sidebar-layout":"no-sidebar","site-content-layout":"page-builder","ast-global-header-display":"","ast-main-header-display":"","ast-hfb-above-header-display":"","ast-hfb-below-header-display":"","ast-hfb-mobile-header-display":"","site-post-title":"disabled","ast-breadcrumbs-content":"","ast-featured-img":"disabled","footer-sml-layout":"","theme-transparent-header-meta":"","adv-header-id-meta":"","stick-header-meta":"","header-above-stick-meta":"","header-main-stick-meta":"","header-below-stick-meta":"","footnotes":""},"class_list":["post-269","page","type-page","status-publish","hentry"],"_links":{"self":[{"href":"https:\/\/ciaagro.uel.br\/index.php?rest_route=\/wp\/v2\/pages\/269","targetHints":{"allow":["GET"]}}],"collection":[{"href":"https:\/\/ciaagro.uel.br\/index.php?rest_route=\/wp\/v2\/pages"}],"about":[{"href":"https:\/\/ciaagro.uel.br\/index.php?rest_route=\/wp\/v2\/types\/page"}],"author":[{"embeddable":true,"href":"https:\/\/ciaagro.uel.br\/index.php?rest_route=\/wp\/v2\/users\/1"}],"replies":[{"embeddable":true,"href":"https:\/\/ciaagro.uel.br\/index.php?rest_route=%2Fwp%2Fv2%2Fcomments&post=269"}],"version-history":[{"count":118,"href":"https:\/\/ciaagro.uel.br\/index.php?rest_route=\/wp\/v2\/pages\/269\/revisions"}],"predecessor-version":[{"id":1059,"href":"https:\/\/ciaagro.uel.br\/index.php?rest_route=\/wp\/v2\/pages\/269\/revisions\/1059"}],"wp:attachment":[{"href":"https:\/\/ciaagro.uel.br\/index.php?rest_route=%2Fwp%2Fv2%2Fmedia&parent=269"}],"curies":[{"name":"wp","href":"https:\/\/api.w.org\/{rel}","templated":true}]}}